{"id":28,"date":"2025-01-31T07:59:31","date_gmt":"2025-01-31T13:59:31","guid":{"rendered":"https:\/\/god.artereciclada.com.br\/?page_id=28"},"modified":"2025-02-03T11:47:51","modified_gmt":"2025-02-03T14:47:51","slug":"contact-us","status":"publish","type":"page","link":"https:\/\/god.artereciclada.com.br\/it\/contact-us\/","title":{"rendered":"Contato"},"content":{"rendered":"<p>Ol\u00e1! \ud83d\ude0a Precisa entrar em contato conosco? Estamos aqui para ajudar. Entre em contato pelos nossos canais:<\/p>\n\n\n\n<ul class=\"wp-block-list\">\n<li><strong>E-mail:<\/strong> <a href=\"mailto:contato@artereciclada.com.br\">contato@artereciclada.com.br<\/a><\/li>\n\n\n\n<li><strong>Hor\u00e1rio de Atendimento:<\/strong> Segunda a sexta, das 8h \u00e0s 17h<\/li>\n<\/ul>\n\n\n\n<p>Envie sua mensagem e responderemos o mais breve poss\u00edvel. Juntos, vamos compartilhar a luz e a inspira\u00e7\u00e3o de Deus!<\/p>\n\n\n\n<p>Agradecemos pelo seu contato e por fazer parte deste espa\u00e7o onde celebramos a cria\u00e7\u00e3o divina.<\/p>","protected":false},"excerpt":{"rendered":"<p>Ol\u00e1! \ud83d\ude0a Precisa entrar em contato conosco? Estamos aqui para ajudar. Entre em contato pelos nossos canais: Envie sua mensagem e responderemos o mais breve poss\u00edvel. Juntos, vamos compartilhar a luz e a inspira\u00e7\u00e3o de Deus! Agradecemos pelo seu contato e por fazer parte deste espa\u00e7o onde celebramos a cria\u00e7\u00e3o divina.<\/p>","protected":false},"author":5,"featured_media":61,"parent":0,"menu_order":0,"comment_status":"closed","ping_status":"closed","template":"","meta":{"footnotes":""},"class_list":["post-28","page","type-page","status-publish","has-post-thumbnail","hentry"],"blocksy_meta":[],"_links":{"self":[{"href":"https:\/\/god.artereciclada.com.br\/it\/wp-json\/wp\/v2\/pages\/28","targetHints":{"allow":["GET"]}}],"collection":[{"href":"https:\/\/god.artereciclada.com.br\/it\/wp-json\/wp\/v2\/pages"}],"about":[{"href":"https:\/\/god.artereciclada.com.br\/it\/wp-json\/wp\/v2\/types\/page"}],"author":[{"embeddable":true,"href":"https:\/\/god.artereciclada.com.br\/it\/wp-json\/wp\/v2\/users\/5"}],"replies":[{"embeddable":true,"href":"https:\/\/god.artereciclada.com.br\/it\/wp-json\/wp\/v2\/comments?post=28"}],"version-history":[{"count":2,"href":"https:\/\/god.artereciclada.com.br\/it\/wp-json\/wp\/v2\/pages\/28\/revisions"}],"predecessor-version":[{"id":83,"href":"https:\/\/god.artereciclada.com.br\/it\/wp-json\/wp\/v2\/pages\/28\/revisions\/83"}],"wp:featuredmedia":[{"embeddable":true,"href":"https:\/\/god.artereciclada.com.br\/it\/wp-json\/wp\/v2\/media\/61"}],"wp:attachment":[{"href":"https:\/\/god.artereciclada.com.br\/it\/wp-json\/wp\/v2\/media?parent=28"}],"curies":[{"name":"wp","href":"https:\/\/api.w.org\/{rel}","templated":true}]}}